{"id":210630,"date":"2023-05-31T08:43:09","date_gmt":"2023-05-31T06:43:09","guid":{"rendered":"https:\/\/gajostest.a2hosted.com\/eshop\/anticor-paska-zlto-cierna-50mm-x-33m\/"},"modified":"2026-01-05T14:08:52","modified_gmt":"2026-01-05T13:08:52","slug":"anticor-paska-zlto-cierna-50mm-x-33m","status":"publish","type":"product","link":"https:\/\/gajos.sk\/eshop\/p\/anticor-paska-zlto-cierna-50mm-x-33m\/","title":{"rendered":"ANTICOR p\u00e1ska \u017elto-\u010dierna 50mm x 33m"},"content":{"rendered":"","protected":false},"excerpt":{"rendered":"<p>Vysoko odoln\u00e1 v\u00fdstra\u017en\u00e1 a vyzna\u010dovacia p\u00e1ska na podlahy pre vymedzovanie a delenie priestoru, ozna\u010dovanie prechodn\u00fdch z\u00f3n, pr\u00edpadne k dekora\u010dn\u00fdm \u00fa\u010delom.<\/p>\n<p><strong>Pou\u017eitie<\/strong><br \/>\nVizu\u00e1lne upozor\u0148uje zamestnancov a n\u00e1v\u0161tevn\u00edkov na potenci\u00e1lne riskantn\u00e9 oblasti.\u00a0Umiest\u0148uj\u00fa sa na podlahu pred a okolo oblasti v budove, ktor\u00e1 obsahuj\u00fa zn\u00e1me riziko, ako toxick\u00e9 chemik\u00e1lie alebo potenci\u00e1lne vysok\u00e9 koncentr\u00e1cie nesen\u00e9 vzduchom.\u00a0Drobn\u00e9 pevn\u00e9 (prach) alebo kvapaln\u00e9 \u010dastice (aeros\u00f3l).\u00a0Elektrick\u00e9 panely, potenci\u00e1lne nebezpe\u010dn\u00e9 vybavenia alebo stroje, otvoren\u00e1 jama, schody, podchody, z\u00fa\u017een\u00e9 alebo zn\u00ed\u017een\u00e9 profily a pod.<\/p>\n<p><strong>Vlastnosti<\/strong><br \/>\nVysoko odoln\u00e1 vinylov\u00e1 p\u00e1ska na podlahy s kau\u010dukov\u00fdm lepidlom s vy\u0161\u0161ou \u017eivotnos\u0165ou ne\u017e u be\u017enej podlahovej p\u00e1sky.<\/p>\n<p><strong>technick\u00e9 \u00fadaje<\/strong><\/p>\n<ul>\n<li>Hr\u00fabka 0,17 mm<\/li>\n<li>Pri\u013enavos\u0165 k oceli&gt; 1,5 N \/ cm<\/li>\n<li>Pevnos\u0165 v \u0165ahu&gt; 28 N \/ cm<\/li>\n<li>Maxim\u00e1lna pred\u013a\u017eenie&gt; 260%<\/li>\n<\/ul>\n<p>Technick\u00e1 karta:\u00a0<a href=\"https:\/\/gajos.sk\/eshop\/wp-content\/uploads\/2020\/12\/632_rev1-2019.pdf\">632_rev1-2019<\/a><\/p>\n","protected":false},"featured_media":210631,"template":"","meta":{"_acf_changed":false,"inline_featured_image":false},"product_brand":[],"product_cat":[3502],"product_tag":[3480],"class_list":{"0":"post-210630","1":"product","2":"type-product","3":"status-publish","4":"has-post-thumbnail","6":"product_cat-bezpecnostne-pasky","7":"product_tag-anticor","9":"first","10":"instock","11":"taxable","12":"shipping-taxable","13":"purchasable","14":"product-type-simple"},"acf":[],"_links":{"self":[{"href":"https:\/\/gajos.sk\/eshop\/wp-json\/wp\/v2\/product\/210630","targetHints":{"allow":["GET"]}}],"collection":[{"href":"https:\/\/gajos.sk\/eshop\/wp-json\/wp\/v2\/product"}],"about":[{"href":"https:\/\/gajos.sk\/eshop\/wp-json\/wp\/v2\/types\/product"}],"wp:featuredmedia":[{"embeddable":true,"href":"https:\/\/gajos.sk\/eshop\/wp-json\/wp\/v2\/media\/210631"}],"wp:attachment":[{"href":"https:\/\/gajos.sk\/eshop\/wp-json\/wp\/v2\/media?parent=210630"}],"wp:term":[{"taxonomy":"product_brand","embeddable":true,"href":"https:\/\/gajos.sk\/eshop\/wp-json\/wp\/v2\/product_brand?post=210630"},{"taxonomy":"product_cat","embeddable":true,"href":"https:\/\/gajos.sk\/eshop\/wp-json\/wp\/v2\/product_cat?post=210630"},{"taxonomy":"product_tag","embeddable":true,"href":"https:\/\/gajos.sk\/eshop\/wp-json\/wp\/v2\/product_tag?post=210630"}],"curies":[{"name":"wp","href":"https:\/\/api.w.org\/{rel}","templated":true}]}}