{"id":210610,"date":"2023-05-31T08:41:50","date_gmt":"2023-05-31T06:41:50","guid":{"rendered":"https:\/\/gajostest.a2hosted.com\/eshop\/hasiaci-pristroj-co2-snehovy-5kg\/"},"modified":"2026-04-20T08:37:29","modified_gmt":"2026-04-20T06:37:29","slug":"hasiaci-pristroj-co2-snehovy-5kg","status":"publish","type":"product","link":"https:\/\/gajos.sk\/eshop\/p\/hasiaci-pristroj-co2-snehovy-5kg\/","title":{"rendered":"Hasiaci pr\u00edstroj CO2 (snehov\u00fd) 5kg"},"content":{"rendered":"","protected":false},"excerpt":{"rendered":"<p>Hasiaci pr\u00edstroj CO2 s n\u00e1pl\u0148ou hmotnosti\u00a05 kg.<\/p>\n<p>Hasiaca schopnos\u0165: 113B<\/p>\n<p>Hmotnos\u0165 hasiva: 5 kg<\/p>\n<p>V\u00fdtla\u010dn\u00fd prostriedok: CO2<\/p>\n<p>Teplotn\u00fd rozsah pou\u017eitia: od \u221230 \u00b0C do + 60 \u00b0C<\/p>\n<p>Maxim\u00e1lna hmotnos\u0165: 14 kg<\/p>\n","protected":false},"featured_media":210611,"template":"","meta":{"_acf_changed":false,"inline_featured_image":false},"product_brand":[],"product_cat":[3503],"product_tag":[],"class_list":{"0":"post-210610","1":"product","2":"type-product","3":"status-publish","4":"has-post-thumbnail","6":"product_cat-hasiace-pristroje","8":"first","9":"instock","10":"taxable","11":"shipping-taxable","12":"purchasable","13":"product-type-simple"},"acf":[],"_links":{"self":[{"href":"https:\/\/gajos.sk\/eshop\/wp-json\/wp\/v2\/product\/210610","targetHints":{"allow":["GET"]}}],"collection":[{"href":"https:\/\/gajos.sk\/eshop\/wp-json\/wp\/v2\/product"}],"about":[{"href":"https:\/\/gajos.sk\/eshop\/wp-json\/wp\/v2\/types\/product"}],"wp:featuredmedia":[{"embeddable":true,"href":"https:\/\/gajos.sk\/eshop\/wp-json\/wp\/v2\/media\/210611"}],"wp:attachment":[{"href":"https:\/\/gajos.sk\/eshop\/wp-json\/wp\/v2\/media?parent=210610"}],"wp:term":[{"taxonomy":"product_brand","embeddable":true,"href":"https:\/\/gajos.sk\/eshop\/wp-json\/wp\/v2\/product_brand?post=210610"},{"taxonomy":"product_cat","embeddable":true,"href":"https:\/\/gajos.sk\/eshop\/wp-json\/wp\/v2\/product_cat?post=210610"},{"taxonomy":"product_tag","embeddable":true,"href":"https:\/\/gajos.sk\/eshop\/wp-json\/wp\/v2\/product_tag?post=210610"}],"curies":[{"name":"wp","href":"https:\/\/api.w.org\/{rel}","templated":true}]}}