{"id":210608,"date":"2023-05-31T08:41:50","date_gmt":"2023-05-31T06:41:50","guid":{"rendered":"https:\/\/gajostest.a2hosted.com\/eshop\/kluc-k-podzemnemu-hydrantu-t\/"},"modified":"2025-11-14T08:47:41","modified_gmt":"2025-11-14T07:47:41","slug":"kluc-k-podzemnemu-hydrantu-t","status":"publish","type":"product","link":"https:\/\/gajos.sk\/eshop\/p\/kluc-k-podzemnemu-hydrantu-t\/","title":{"rendered":"K\u013e\u00fa\u010d k podzemn\u00e9mu hydrantu T"},"content":{"rendered":"","protected":false},"excerpt":{"rendered":"<p>Mas\u00edvny oce\u013eov\u00fd k\u013e\u00fa\u010d k podzemn\u00e9mu hydrantu povrchovo upraven\u00fd pr\u00e1\u0161kovou technol\u00f3giou.<\/p>\n<p>K\u013e\u00fa\u010d otv\u00e1ra hydranty s t\u0155\u0148om 35\u00d735 mm.<\/p>\n<p>V\u00e1ha: 7,5 kg<\/p>\n","protected":false},"featured_media":210609,"template":"","meta":{"_acf_changed":false,"inline_featured_image":false},"product_brand":[],"product_cat":[3511],"product_tag":[],"class_list":{"0":"post-210608","1":"product","2":"type-product","3":"status-publish","4":"has-post-thumbnail","6":"product_cat-kluce","8":"first","9":"instock","10":"taxable","11":"shipping-taxable","12":"purchasable","13":"product-type-simple"},"acf":[],"_links":{"self":[{"href":"https:\/\/gajos.sk\/eshop\/wp-json\/wp\/v2\/product\/210608","targetHints":{"allow":["GET"]}}],"collection":[{"href":"https:\/\/gajos.sk\/eshop\/wp-json\/wp\/v2\/product"}],"about":[{"href":"https:\/\/gajos.sk\/eshop\/wp-json\/wp\/v2\/types\/product"}],"wp:featuredmedia":[{"embeddable":true,"href":"https:\/\/gajos.sk\/eshop\/wp-json\/wp\/v2\/media\/210609"}],"wp:attachment":[{"href":"https:\/\/gajos.sk\/eshop\/wp-json\/wp\/v2\/media?parent=210608"}],"wp:term":[{"taxonomy":"product_brand","embeddable":true,"href":"https:\/\/gajos.sk\/eshop\/wp-json\/wp\/v2\/product_brand?post=210608"},{"taxonomy":"product_cat","embeddable":true,"href":"https:\/\/gajos.sk\/eshop\/wp-json\/wp\/v2\/product_cat?post=210608"},{"taxonomy":"product_tag","embeddable":true,"href":"https:\/\/gajos.sk\/eshop\/wp-json\/wp\/v2\/product_tag?post=210608"}],"curies":[{"name":"wp","href":"https:\/\/api.w.org\/{rel}","templated":true}]}}