{"id":210595,"date":"2023-05-31T08:40:56","date_gmt":"2023-05-31T06:40:56","guid":{"rendered":"https:\/\/gajostest.a2hosted.com\/eshop\/kluc-hadicovy\/"},"modified":"2026-01-05T14:08:38","modified_gmt":"2026-01-05T13:08:38","slug":"kluc-hadicovy","status":"publish","type":"product","link":"https:\/\/gajos.sk\/eshop\/p\/kluc-hadicovy\/","title":{"rendered":"K\u013e\u00fa\u010d hadicov\u00fd"},"content":{"rendered":"","protected":false},"excerpt":{"rendered":"<p>K\u013e\u00fa\u010d na uvo\u013e\u0148ovanie a do\u0165ahovanie koncoviek a spojok typu Storz pre rozmery spojok A, B, C a D.<\/p>\n","protected":false},"featured_media":210596,"template":"","meta":{"_acf_changed":false,"inline_featured_image":false},"product_brand":[],"product_cat":[3511],"product_tag":[],"class_list":{"0":"post-210595","1":"product","2":"type-product","3":"status-publish","4":"has-post-thumbnail","6":"product_cat-kluce","8":"first","9":"instock","10":"taxable","11":"shipping-taxable","12":"purchasable","13":"product-type-simple"},"acf":[],"_links":{"self":[{"href":"https:\/\/gajos.sk\/eshop\/wp-json\/wp\/v2\/product\/210595","targetHints":{"allow":["GET"]}}],"collection":[{"href":"https:\/\/gajos.sk\/eshop\/wp-json\/wp\/v2\/product"}],"about":[{"href":"https:\/\/gajos.sk\/eshop\/wp-json\/wp\/v2\/types\/product"}],"wp:featuredmedia":[{"embeddable":true,"href":"https:\/\/gajos.sk\/eshop\/wp-json\/wp\/v2\/media\/210596"}],"wp:attachment":[{"href":"https:\/\/gajos.sk\/eshop\/wp-json\/wp\/v2\/media?parent=210595"}],"wp:term":[{"taxonomy":"product_brand","embeddable":true,"href":"https:\/\/gajos.sk\/eshop\/wp-json\/wp\/v2\/product_brand?post=210595"},{"taxonomy":"product_cat","embeddable":true,"href":"https:\/\/gajos.sk\/eshop\/wp-json\/wp\/v2\/product_cat?post=210595"},{"taxonomy":"product_tag","embeddable":true,"href":"https:\/\/gajos.sk\/eshop\/wp-json\/wp\/v2\/product_tag?post=210595"}],"curies":[{"name":"wp","href":"https:\/\/api.w.org\/{rel}","templated":true}]}}