{"id":210593,"date":"2023-05-31T08:40:56","date_gmt":"2023-05-31T06:40:56","guid":{"rendered":"https:\/\/gajostest.a2hosted.com\/eshop\/ventil-d-25\/"},"modified":"2026-02-02T13:52:09","modified_gmt":"2026-02-02T12:52:09","slug":"ventil-d-25","status":"publish","type":"product","link":"https:\/\/gajos.sk\/eshop\/p\/ventil-d-25\/","title":{"rendered":"Ventil D 25"},"content":{"rendered":"","protected":false},"excerpt":{"rendered":"<p>Certifikovan\u00fd mosadzn\u00fd hydrantov\u00fd ventil D25 bez polospojky<\/p>\n","protected":false},"featured_media":210594,"template":"","meta":{"_acf_changed":false,"inline_featured_image":false},"product_brand":[],"product_cat":[3512],"product_tag":[],"class_list":{"0":"post-210593","1":"product","2":"type-product","3":"status-publish","4":"has-post-thumbnail","6":"product_cat-ventily","8":"first","9":"instock","10":"taxable","11":"shipping-taxable","12":"purchasable","13":"product-type-simple"},"acf":[],"_links":{"self":[{"href":"https:\/\/gajos.sk\/eshop\/wp-json\/wp\/v2\/product\/210593","targetHints":{"allow":["GET"]}}],"collection":[{"href":"https:\/\/gajos.sk\/eshop\/wp-json\/wp\/v2\/product"}],"about":[{"href":"https:\/\/gajos.sk\/eshop\/wp-json\/wp\/v2\/types\/product"}],"wp:featuredmedia":[{"embeddable":true,"href":"https:\/\/gajos.sk\/eshop\/wp-json\/wp\/v2\/media\/210594"}],"wp:attachment":[{"href":"https:\/\/gajos.sk\/eshop\/wp-json\/wp\/v2\/media?parent=210593"}],"wp:term":[{"taxonomy":"product_brand","embeddable":true,"href":"https:\/\/gajos.sk\/eshop\/wp-json\/wp\/v2\/product_brand?post=210593"},{"taxonomy":"product_cat","embeddable":true,"href":"https:\/\/gajos.sk\/eshop\/wp-json\/wp\/v2\/product_cat?post=210593"},{"taxonomy":"product_tag","embeddable":true,"href":"https:\/\/gajos.sk\/eshop\/wp-json\/wp\/v2\/product_tag?post=210593"}],"curies":[{"name":"wp","href":"https:\/\/api.w.org\/{rel}","templated":true}]}}