{"id":210589,"date":"2023-05-31T08:40:34","date_gmt":"2023-05-31T06:40:34","guid":{"rendered":"https:\/\/gajostest.a2hosted.com\/eshop\/prudnica-c-52-s-gulovym-uzaverom\/"},"modified":"2025-11-05T08:57:10","modified_gmt":"2025-11-05T07:57:10","slug":"prudnica-c-52-s-gulovym-uzaverom","status":"publish","type":"product","link":"https:\/\/gajos.sk\/eshop\/p\/prudnica-c-52-s-gulovym-uzaverom\/","title":{"rendered":"Pr\u00fadnica C 52 s gu\u013eov\u00fdm  uz\u00e1verom"},"content":{"rendered":"","protected":false},"excerpt":{"rendered":"<p>Pr\u00fadnica C52 s gu\u013eov\u00fdm uz\u00e1verom<\/p>\n","protected":false},"featured_media":210590,"template":"","meta":{"_acf_changed":false,"inline_featured_image":false},"product_brand":[],"product_cat":[3505],"product_tag":[],"class_list":{"0":"post-210589","1":"product","2":"type-product","3":"status-publish","4":"has-post-thumbnail","6":"product_cat-prudnice","8":"first","9":"instock","10":"taxable","11":"shipping-taxable","12":"purchasable","13":"product-type-simple"},"acf":[],"_links":{"self":[{"href":"https:\/\/gajos.sk\/eshop\/wp-json\/wp\/v2\/product\/210589","targetHints":{"allow":["GET"]}}],"collection":[{"href":"https:\/\/gajos.sk\/eshop\/wp-json\/wp\/v2\/product"}],"about":[{"href":"https:\/\/gajos.sk\/eshop\/wp-json\/wp\/v2\/types\/product"}],"wp:featuredmedia":[{"embeddable":true,"href":"https:\/\/gajos.sk\/eshop\/wp-json\/wp\/v2\/media\/210590"}],"wp:attachment":[{"href":"https:\/\/gajos.sk\/eshop\/wp-json\/wp\/v2\/media?parent=210589"}],"wp:term":[{"taxonomy":"product_brand","embeddable":true,"href":"https:\/\/gajos.sk\/eshop\/wp-json\/wp\/v2\/product_brand?post=210589"},{"taxonomy":"product_cat","embeddable":true,"href":"https:\/\/gajos.sk\/eshop\/wp-json\/wp\/v2\/product_cat?post=210589"},{"taxonomy":"product_tag","embeddable":true,"href":"https:\/\/gajos.sk\/eshop\/wp-json\/wp\/v2\/product_tag?post=210589"}],"curies":[{"name":"wp","href":"https:\/\/api.w.org\/{rel}","templated":true}]}}