{"id":210585,"date":"2023-05-31T08:40:34","date_gmt":"2023-05-31T06:40:34","guid":{"rendered":"https:\/\/gajostest.a2hosted.com\/eshop\/prudnica-c-52\/"},"modified":"2025-12-04T12:36:18","modified_gmt":"2025-12-04T11:36:18","slug":"prudnica-c-52","status":"publish","type":"product","link":"https:\/\/gajos.sk\/eshop\/p\/prudnica-c-52\/","title":{"rendered":"Pr\u00fadnica C 52"},"content":{"rendered":"","protected":false},"excerpt":{"rendered":"<p>Certifikovan\u00e1 hydrantov\u00e1 po\u017eiarna pr\u00fadnica k 52 mm po\u017eiarnej hadici, plynul\u00e1 regul\u00e1cia pr\u00fadu, mo\u017enos\u0165 vytv\u00e1rania vodnej hmly<\/p>\n","protected":false},"featured_media":210586,"template":"","meta":{"_acf_changed":false,"inline_featured_image":false},"product_brand":[],"product_cat":[3505],"product_tag":[],"class_list":{"0":"post-210585","1":"product","2":"type-product","3":"status-publish","4":"has-post-thumbnail","6":"product_cat-prudnice","8":"first","9":"instock","10":"taxable","11":"shipping-taxable","12":"purchasable","13":"product-type-simple"},"acf":[],"_links":{"self":[{"href":"https:\/\/gajos.sk\/eshop\/wp-json\/wp\/v2\/product\/210585","targetHints":{"allow":["GET"]}}],"collection":[{"href":"https:\/\/gajos.sk\/eshop\/wp-json\/wp\/v2\/product"}],"about":[{"href":"https:\/\/gajos.sk\/eshop\/wp-json\/wp\/v2\/types\/product"}],"wp:featuredmedia":[{"embeddable":true,"href":"https:\/\/gajos.sk\/eshop\/wp-json\/wp\/v2\/media\/210586"}],"wp:attachment":[{"href":"https:\/\/gajos.sk\/eshop\/wp-json\/wp\/v2\/media?parent=210585"}],"wp:term":[{"taxonomy":"product_brand","embeddable":true,"href":"https:\/\/gajos.sk\/eshop\/wp-json\/wp\/v2\/product_brand?post=210585"},{"taxonomy":"product_cat","embeddable":true,"href":"https:\/\/gajos.sk\/eshop\/wp-json\/wp\/v2\/product_cat?post=210585"},{"taxonomy":"product_tag","embeddable":true,"href":"https:\/\/gajos.sk\/eshop\/wp-json\/wp\/v2\/product_tag?post=210585"}],"curies":[{"name":"wp","href":"https:\/\/api.w.org\/{rel}","templated":true}]}}