{"id":210583,"date":"2023-05-31T08:40:34","date_gmt":"2023-05-31T06:40:34","guid":{"rendered":"https:\/\/gajostest.a2hosted.com\/eshop\/prudnica-d-25\/"},"modified":"2026-04-20T08:37:35","modified_gmt":"2026-04-20T06:37:35","slug":"prudnica-d-25","status":"publish","type":"product","link":"https:\/\/gajos.sk\/eshop\/p\/prudnica-d-25\/","title":{"rendered":"Pr\u00fadnica D 25"},"content":{"rendered":"","protected":false},"excerpt":{"rendered":"<p>Hydrantov\u00e1 po\u017eiarna pr\u00fadnica k\u00a025 mm po\u017eiarnej hadici, plynul\u00e1 regul\u00e1cia pr\u00fadu<\/p>\n","protected":false},"featured_media":210584,"template":"","meta":{"_acf_changed":false,"inline_featured_image":false},"product_brand":[],"product_cat":[3505],"product_tag":[],"class_list":{"0":"post-210583","1":"product","2":"type-product","3":"status-publish","4":"has-post-thumbnail","6":"product_cat-prudnice","8":"first","9":"instock","10":"taxable","11":"shipping-taxable","12":"purchasable","13":"product-type-simple"},"acf":[],"_links":{"self":[{"href":"https:\/\/gajos.sk\/eshop\/wp-json\/wp\/v2\/product\/210583","targetHints":{"allow":["GET"]}}],"collection":[{"href":"https:\/\/gajos.sk\/eshop\/wp-json\/wp\/v2\/product"}],"about":[{"href":"https:\/\/gajos.sk\/eshop\/wp-json\/wp\/v2\/types\/product"}],"wp:featuredmedia":[{"embeddable":true,"href":"https:\/\/gajos.sk\/eshop\/wp-json\/wp\/v2\/media\/210584"}],"wp:attachment":[{"href":"https:\/\/gajos.sk\/eshop\/wp-json\/wp\/v2\/media?parent=210583"}],"wp:term":[{"taxonomy":"product_brand","embeddable":true,"href":"https:\/\/gajos.sk\/eshop\/wp-json\/wp\/v2\/product_brand?post=210583"},{"taxonomy":"product_cat","embeddable":true,"href":"https:\/\/gajos.sk\/eshop\/wp-json\/wp\/v2\/product_cat?post=210583"},{"taxonomy":"product_tag","embeddable":true,"href":"https:\/\/gajos.sk\/eshop\/wp-json\/wp\/v2\/product_tag?post=210583"}],"curies":[{"name":"wp","href":"https:\/\/api.w.org\/{rel}","templated":true}]}}