{"id":210557,"date":"2023-05-31T08:39:48","date_gmt":"2023-05-31T06:39:48","guid":{"rendered":"https:\/\/gajostest.a2hosted.com\/eshop\/zaslepka-viecko-hydrantove-a-110\/"},"modified":"2026-02-02T13:52:04","modified_gmt":"2026-02-02T12:52:04","slug":"zaslepka-viecko-hydrantove-a-110","status":"publish","type":"product","link":"https:\/\/gajos.sk\/eshop\/p\/zaslepka-viecko-hydrantove-a-110\/","title":{"rendered":"Z\u00e1slepka, vie\u010dko hydrantov\u00e9 A 110"},"content":{"rendered":"","protected":false},"excerpt":{"rendered":"<p>Hlin\u00edkov\u00e1 z\u00e1slepka, vie\u010dko hydrantov\u00e9 A110<\/p>\n","protected":false},"featured_media":210558,"template":"","meta":{"_acf_changed":false,"inline_featured_image":false},"product_brand":[],"product_cat":[3509],"product_tag":[],"class_list":{"0":"post-210557","1":"product","2":"type-product","3":"status-publish","4":"has-post-thumbnail","6":"product_cat-zaslepky","8":"first","9":"instock","10":"taxable","11":"shipping-taxable","12":"purchasable","13":"product-type-simple"},"acf":[],"_links":{"self":[{"href":"https:\/\/gajos.sk\/eshop\/wp-json\/wp\/v2\/product\/210557","targetHints":{"allow":["GET"]}}],"collection":[{"href":"https:\/\/gajos.sk\/eshop\/wp-json\/wp\/v2\/product"}],"about":[{"href":"https:\/\/gajos.sk\/eshop\/wp-json\/wp\/v2\/types\/product"}],"wp:featuredmedia":[{"embeddable":true,"href":"https:\/\/gajos.sk\/eshop\/wp-json\/wp\/v2\/media\/210558"}],"wp:attachment":[{"href":"https:\/\/gajos.sk\/eshop\/wp-json\/wp\/v2\/media?parent=210557"}],"wp:term":[{"taxonomy":"product_brand","embeddable":true,"href":"https:\/\/gajos.sk\/eshop\/wp-json\/wp\/v2\/product_brand?post=210557"},{"taxonomy":"product_cat","embeddable":true,"href":"https:\/\/gajos.sk\/eshop\/wp-json\/wp\/v2\/product_cat?post=210557"},{"taxonomy":"product_tag","embeddable":true,"href":"https:\/\/gajos.sk\/eshop\/wp-json\/wp\/v2\/product_tag?post=210557"}],"curies":[{"name":"wp","href":"https:\/\/api.w.org\/{rel}","templated":true}]}}