{"id":210548,"date":"2023-05-31T08:39:14","date_gmt":"2023-05-31T06:39:14","guid":{"rendered":"https:\/\/gajostest.a2hosted.com\/eshop\/ochranny-box-na-hasiaci-pristroj-6kg\/"},"modified":"2025-01-07T13:09:04","modified_gmt":"2025-01-07T12:09:04","slug":"ochranny-box-na-hasiaci-pristroj-6kg","status":"publish","type":"product","link":"https:\/\/gajos.sk\/eshop\/p\/ochranny-box-na-hasiaci-pristroj-6kg\/","title":{"rendered":"Ochrann\u00fd box na hasiaci pr\u00edstroj 6kg"},"content":{"rendered":"","protected":false},"excerpt":{"rendered":"<p>Vodotesn\u00e1 polyetyl\u00e9nov\u00e1 skrinka na hasiaci pr\u00edstroj 6kg, testovan\u00e1 a zvl\u00e1\u0161\u0165 vhodn\u00e1 pre umiestnenie aj na vozidl\u00e1ch s mo\u017enos\u0165ou uzamykania.<\/p>\n<p>Hmotnos\u0165: 3,6kg<\/p>\n<p>Rozmer: 310 \u00d7 250 \u00d7 610mm<\/p>\n","protected":false},"featured_media":210549,"template":"","meta":{"_acf_changed":false,"inline_featured_image":false},"product_brand":[],"product_cat":[3510],"product_tag":[],"class_list":{"0":"post-210548","1":"product","2":"type-product","3":"status-publish","4":"has-post-thumbnail","6":"product_cat-skrinky","8":"first","9":"instock","10":"taxable","11":"shipping-taxable","12":"purchasable","13":"product-type-simple"},"acf":[],"_links":{"self":[{"href":"https:\/\/gajos.sk\/eshop\/wp-json\/wp\/v2\/product\/210548","targetHints":{"allow":["GET"]}}],"collection":[{"href":"https:\/\/gajos.sk\/eshop\/wp-json\/wp\/v2\/product"}],"about":[{"href":"https:\/\/gajos.sk\/eshop\/wp-json\/wp\/v2\/types\/product"}],"wp:featuredmedia":[{"embeddable":true,"href":"https:\/\/gajos.sk\/eshop\/wp-json\/wp\/v2\/media\/210549"}],"wp:attachment":[{"href":"https:\/\/gajos.sk\/eshop\/wp-json\/wp\/v2\/media?parent=210548"}],"wp:term":[{"taxonomy":"product_brand","embeddable":true,"href":"https:\/\/gajos.sk\/eshop\/wp-json\/wp\/v2\/product_brand?post=210548"},{"taxonomy":"product_cat","embeddable":true,"href":"https:\/\/gajos.sk\/eshop\/wp-json\/wp\/v2\/product_cat?post=210548"},{"taxonomy":"product_tag","embeddable":true,"href":"https:\/\/gajos.sk\/eshop\/wp-json\/wp\/v2\/product_tag?post=210548"}],"curies":[{"name":"wp","href":"https:\/\/api.w.org\/{rel}","templated":true}]}}