{"id":210527,"date":"2023-05-31T08:38:20","date_gmt":"2023-05-31T06:38:20","guid":{"rendered":"https:\/\/gajostest.a2hosted.com\/eshop\/skrinka-na-nudzovy-kluc-uzamykatelna\/"},"modified":"2025-12-04T12:36:36","modified_gmt":"2025-12-04T11:36:36","slug":"skrinka-na-nudzovy-kluc-uzamykatelna","status":"publish","type":"product","link":"https:\/\/gajos.sk\/eshop\/p\/skrinka-na-nudzovy-kluc-uzamykatelna\/","title":{"rendered":"Skrinka na n\u00fadzov\u00fd k\u013e\u00fa\u010d, uzamykate\u013en\u00e1"},"content":{"rendered":"","protected":false},"excerpt":{"rendered":"<p>Uzamykate\u013en\u00e1 plechov\u00e1 skrinka na n\u00fadzov\u00fd k\u013e\u00fa\u010d so\u00a0sklom na \u013eahk\u00e9 prelomenie v pr\u00edpade n\u00fadze, rozmery 145 x 88 x 38<\/p>\n","protected":false},"featured_media":210528,"template":"","meta":{"_acf_changed":false,"inline_featured_image":false},"product_brand":[],"product_cat":[3510],"product_tag":[],"class_list":{"0":"post-210527","1":"product","2":"type-product","3":"status-publish","4":"has-post-thumbnail","6":"product_cat-skrinky","8":"first","9":"instock","10":"taxable","11":"shipping-taxable","12":"purchasable","13":"product-type-simple"},"acf":[],"_links":{"self":[{"href":"https:\/\/gajos.sk\/eshop\/wp-json\/wp\/v2\/product\/210527","targetHints":{"allow":["GET"]}}],"collection":[{"href":"https:\/\/gajos.sk\/eshop\/wp-json\/wp\/v2\/product"}],"about":[{"href":"https:\/\/gajos.sk\/eshop\/wp-json\/wp\/v2\/types\/product"}],"wp:featuredmedia":[{"embeddable":true,"href":"https:\/\/gajos.sk\/eshop\/wp-json\/wp\/v2\/media\/210528"}],"wp:attachment":[{"href":"https:\/\/gajos.sk\/eshop\/wp-json\/wp\/v2\/media?parent=210527"}],"wp:term":[{"taxonomy":"product_brand","embeddable":true,"href":"https:\/\/gajos.sk\/eshop\/wp-json\/wp\/v2\/product_brand?post=210527"},{"taxonomy":"product_cat","embeddable":true,"href":"https:\/\/gajos.sk\/eshop\/wp-json\/wp\/v2\/product_cat?post=210527"},{"taxonomy":"product_tag","embeddable":true,"href":"https:\/\/gajos.sk\/eshop\/wp-json\/wp\/v2\/product_tag?post=210527"}],"curies":[{"name":"wp","href":"https:\/\/api.w.org\/{rel}","templated":true}]}}