{"id":210508,"date":"2023-05-31T08:38:20","date_gmt":"2023-05-31T06:38:20","guid":{"rendered":"https:\/\/gajostest.a2hosted.com\/eshop\/poziarna-prikryvka-15x12m\/"},"modified":"2026-02-18T10:55:17","modified_gmt":"2026-02-18T09:55:17","slug":"poziarna-prikryvka-15x12m","status":"publish","type":"product","link":"https:\/\/gajos.sk\/eshop\/p\/poziarna-prikryvka-15x12m\/","title":{"rendered":"Po\u017eiarna prikr\u00fdvka 1,5&#215;1,2m"},"content":{"rendered":"","protected":false},"excerpt":{"rendered":"<p>Po\u017eiarna prikr\u00fdvka rozmerov 1,5m x 1,2m, certifikovan\u00e1 pod\u013ea EN 1869.<\/p>\n<p>Po\u017eiarna prikr\u00fdvka je n\u00e1stroj na uhasenie mal\u00fdch a za\u010d\u00ednaj\u00facich po\u017eiarov.<\/p>\n<p>Je vyroben\u00e1 z materi\u00e1lov, ktor\u00e9 spoma\u013euj\u00fa a potl\u00e1\u010daj\u00fa ohe\u0148.<\/p>\n<p>Polo\u017een\u00edm prikr\u00fdvky na ohe\u0148 doch\u00e1dza k zamedzeniu pr\u00edstupu kysl\u00edka k plame\u0148u a t\u00fdm k ukon\u010deniu horenia. Prikr\u00fdvka m\u00e1 by\u0165 zavesen\u00e1 na stene v bl\u00edzkosti mo\u017en\u00e9ho v\u00fdskytu po\u017eiaru. V pr\u00edpade po\u017eiaru sa prikr\u00fdvka rozba\u013euje potiahnut\u00edm za von visiace \u010dierne p\u00e1siky a dr\u017ean\u00edm za ne sa prikr\u00fdvka uklad\u00e1 na ohe\u0148.<\/p>\n","protected":false},"featured_media":210510,"template":"","meta":{"_acf_changed":false,"inline_featured_image":false},"product_brand":[],"product_cat":[3513],"product_tag":[],"class_list":{"0":"post-210508","1":"product","2":"type-product","3":"status-publish","4":"has-post-thumbnail","6":"product_cat-poziarna-prikryvka","8":"first","9":"instock","10":"taxable","11":"shipping-taxable","12":"purchasable","13":"product-type-simple"},"acf":[],"_links":{"self":[{"href":"https:\/\/gajos.sk\/eshop\/wp-json\/wp\/v2\/product\/210508","targetHints":{"allow":["GET"]}}],"collection":[{"href":"https:\/\/gajos.sk\/eshop\/wp-json\/wp\/v2\/product"}],"about":[{"href":"https:\/\/gajos.sk\/eshop\/wp-json\/wp\/v2\/types\/product"}],"wp:featuredmedia":[{"embeddable":true,"href":"https:\/\/gajos.sk\/eshop\/wp-json\/wp\/v2\/media\/210510"}],"wp:attachment":[{"href":"https:\/\/gajos.sk\/eshop\/wp-json\/wp\/v2\/media?parent=210508"}],"wp:term":[{"taxonomy":"product_brand","embeddable":true,"href":"https:\/\/gajos.sk\/eshop\/wp-json\/wp\/v2\/product_brand?post=210508"},{"taxonomy":"product_cat","embeddable":true,"href":"https:\/\/gajos.sk\/eshop\/wp-json\/wp\/v2\/product_cat?post=210508"},{"taxonomy":"product_tag","embeddable":true,"href":"https:\/\/gajos.sk\/eshop\/wp-json\/wp\/v2\/product_tag?post=210508"}],"curies":[{"name":"wp","href":"https:\/\/api.w.org\/{rel}","templated":true}]}}