{"id":210490,"date":"2023-05-31T08:38:05","date_gmt":"2023-05-31T06:38:05","guid":{"rendered":"https:\/\/gajostest.a2hosted.com\/eshop\/lekarnicka-kovova\/"},"modified":"2026-03-20T09:03:02","modified_gmt":"2026-03-20T08:03:02","slug":"lekarnicka-kovova","status":"publish","type":"product","link":"https:\/\/gajos.sk\/eshop\/p\/lekarnicka-kovova\/","title":{"rendered":"Lek\u00e1rni\u010dka kovov\u00e1"},"content":{"rendered":"","protected":false},"excerpt":{"rendered":"<p>Lek\u00e1rni\u010dka kovov\u00e1<\/p>\n<p>Skrinka na lieky s poli\u010dkami, uzamykate\u013en\u00e1<\/p>\n<p>Bez n\u00e1plne<\/p>\n<p>Rozmer 240 x 390 x\u00a0 112 mm<\/p>\n","protected":false},"featured_media":210492,"template":"","meta":{"_acf_changed":false,"inline_featured_image":false},"product_brand":[],"product_cat":[2601],"product_tag":[],"class_list":{"0":"post-210490","1":"product","2":"type-product","3":"status-publish","4":"has-post-thumbnail","6":"product_cat-prva-pomoc","8":"first","9":"instock","10":"taxable","11":"shipping-taxable","12":"purchasable","13":"product-type-simple"},"acf":[],"_links":{"self":[{"href":"https:\/\/gajos.sk\/eshop\/wp-json\/wp\/v2\/product\/210490","targetHints":{"allow":["GET"]}}],"collection":[{"href":"https:\/\/gajos.sk\/eshop\/wp-json\/wp\/v2\/product"}],"about":[{"href":"https:\/\/gajos.sk\/eshop\/wp-json\/wp\/v2\/types\/product"}],"wp:featuredmedia":[{"embeddable":true,"href":"https:\/\/gajos.sk\/eshop\/wp-json\/wp\/v2\/media\/210492"}],"wp:attachment":[{"href":"https:\/\/gajos.sk\/eshop\/wp-json\/wp\/v2\/media?parent=210490"}],"wp:term":[{"taxonomy":"product_brand","embeddable":true,"href":"https:\/\/gajos.sk\/eshop\/wp-json\/wp\/v2\/product_brand?post=210490"},{"taxonomy":"product_cat","embeddable":true,"href":"https:\/\/gajos.sk\/eshop\/wp-json\/wp\/v2\/product_cat?post=210490"},{"taxonomy":"product_tag","embeddable":true,"href":"https:\/\/gajos.sk\/eshop\/wp-json\/wp\/v2\/product_tag?post=210490"}],"curies":[{"name":"wp","href":"https:\/\/api.w.org\/{rel}","templated":true}]}}