{"id":210486,"date":"2023-05-31T08:38:05","date_gmt":"2023-05-31T06:38:05","guid":{"rendered":"https:\/\/gajostest.a2hosted.com\/eshop\/kufrik-prvej-pomoci-plastovy-bez-naplne-maly\/"},"modified":"2026-03-17T10:25:26","modified_gmt":"2026-03-17T09:25:26","slug":"kufrik-prvej-pomoci-plastovy-bez-naplne-maly","status":"publish","type":"product","link":"https:\/\/gajos.sk\/eshop\/p\/kufrik-prvej-pomoci-plastovy-bez-naplne-maly\/","title":{"rendered":"Kufr\u00edk prvej pomoci plastov\u00fd bez n\u00e1plne mal\u00fd"},"content":{"rendered":"","protected":false},"excerpt":{"rendered":"<p>Kufr\u00edk bez prep\u00e1\u017eok, s dr\u017eadlom na stenu<\/p>\n<p>Materi\u00e1l ABS, dr\u017eiak na stenu, bez prep\u00e1\u017eok vo vn\u00fatri<\/p>\n<p>Mo\u017enos\u0165 naplni\u0165 n\u00e1pl\u0148ou \u0160tandard<\/p>\n<p>Kufr\u00edk je mo\u017en\u00e9 vyu\u017ei\u0165 ako n\u00e1stenn\u00fa lek\u00e1rni\u010dku.<\/p>\n<p>Je \u013eahko prenosn\u00fd a preto je vhodn\u00fd do firiem, kde je potrebn\u00e9 lek\u00e1rni\u010dku pren\u00e1\u0161a\u0165.<\/p>\n<p>Dod\u00e1van\u00fd pr\u00e1zdny<\/p>\n<p>Rozmery 26 \u00d7 18 \u00d7 8 cm.<\/p>\n","protected":false},"featured_media":210488,"template":"","meta":{"_acf_changed":false,"inline_featured_image":false},"product_brand":[],"product_cat":[2601],"product_tag":[3477],"class_list":{"0":"post-210486","1":"product","2":"type-product","3":"status-publish","4":"has-post-thumbnail","6":"product_cat-prva-pomoc","7":"product_tag-panacea","9":"first","10":"instock","11":"taxable","12":"shipping-taxable","13":"purchasable","14":"product-type-simple"},"acf":[],"_links":{"self":[{"href":"https:\/\/gajos.sk\/eshop\/wp-json\/wp\/v2\/product\/210486","targetHints":{"allow":["GET"]}}],"collection":[{"href":"https:\/\/gajos.sk\/eshop\/wp-json\/wp\/v2\/product"}],"about":[{"href":"https:\/\/gajos.sk\/eshop\/wp-json\/wp\/v2\/types\/product"}],"wp:featuredmedia":[{"embeddable":true,"href":"https:\/\/gajos.sk\/eshop\/wp-json\/wp\/v2\/media\/210488"}],"wp:attachment":[{"href":"https:\/\/gajos.sk\/eshop\/wp-json\/wp\/v2\/media?parent=210486"}],"wp:term":[{"taxonomy":"product_brand","embeddable":true,"href":"https:\/\/gajos.sk\/eshop\/wp-json\/wp\/v2\/product_brand?post=210486"},{"taxonomy":"product_cat","embeddable":true,"href":"https:\/\/gajos.sk\/eshop\/wp-json\/wp\/v2\/product_cat?post=210486"},{"taxonomy":"product_tag","embeddable":true,"href":"https:\/\/gajos.sk\/eshop\/wp-json\/wp\/v2\/product_tag?post=210486"}],"curies":[{"name":"wp","href":"https:\/\/api.w.org\/{rel}","templated":true}]}}