{"id":210484,"date":"2023-05-31T08:38:00","date_gmt":"2023-05-31T06:38:00","guid":{"rendered":"https:\/\/gajostest.a2hosted.com\/eshop\/polohovaci-pas-kratos-fa-10-402-00-2\/"},"modified":"2026-04-20T08:37:48","modified_gmt":"2026-04-20T06:37:48","slug":"polohovaci-pas-kratos-fa-10-402-00-2","status":"publish","type":"product","link":"https:\/\/gajos.sk\/eshop\/p\/polohovaci-pas-kratos-fa-10-402-00-2\/","title":{"rendered":"Polohovac\u00ed p\u00e1s Kratos FA 10 402 00"},"content":{"rendered":"","protected":false},"excerpt":{"rendered":"<p>Pracovn\u00fd polohovac\u00ed p\u00e1s pre pr\u00e1ce, kde je po\u017eadovan\u00e9 dlhodob\u00e9 pracovn\u00e9 polohovanie.<\/p>\n<p>Polstrovanie v bedrovej oblasti, dva postrann\u00e9 D kr\u00fa\u017eky &#8211; pripojovacie body pre polyesterov\u00fd popruh. \u0160\u00edrka bedrov\u00e9ho p\u00e1su 140 mm.<\/p>\n<p>Pou\u017eitie:<\/p>\n<p>Pracovn\u00e9 polohovanie (2)<br \/>\nVymedzenie pracovn\u00e9ho priestoru (4)<\/p>\n","protected":false},"featured_media":210472,"template":"","meta":{"_acf_changed":false,"inline_featured_image":false},"product_brand":[],"product_cat":[2154],"product_tag":[3476],"class_list":{"0":"post-210484","1":"product","2":"type-product","3":"status-publish","4":"has-post-thumbnail","6":"product_cat-postroje","7":"product_tag-ardon","9":"first","10":"instock","11":"taxable","12":"shipping-taxable","13":"purchasable","14":"product-type-simple"},"acf":[],"_links":{"self":[{"href":"https:\/\/gajos.sk\/eshop\/wp-json\/wp\/v2\/product\/210484","targetHints":{"allow":["GET"]}}],"collection":[{"href":"https:\/\/gajos.sk\/eshop\/wp-json\/wp\/v2\/product"}],"about":[{"href":"https:\/\/gajos.sk\/eshop\/wp-json\/wp\/v2\/types\/product"}],"wp:featuredmedia":[{"embeddable":true,"href":"https:\/\/gajos.sk\/eshop\/wp-json\/wp\/v2\/media\/210472"}],"wp:attachment":[{"href":"https:\/\/gajos.sk\/eshop\/wp-json\/wp\/v2\/media?parent=210484"}],"wp:term":[{"taxonomy":"product_brand","embeddable":true,"href":"https:\/\/gajos.sk\/eshop\/wp-json\/wp\/v2\/product_brand?post=210484"},{"taxonomy":"product_cat","embeddable":true,"href":"https:\/\/gajos.sk\/eshop\/wp-json\/wp\/v2\/product_cat?post=210484"},{"taxonomy":"product_tag","embeddable":true,"href":"https:\/\/gajos.sk\/eshop\/wp-json\/wp\/v2\/product_tag?post=210484"}],"curies":[{"name":"wp","href":"https:\/\/api.w.org\/{rel}","templated":true}]}}