{"id":210483,"date":"2023-05-31T08:38:00","date_gmt":"2023-05-31T06:38:00","guid":{"rendered":"https:\/\/gajostest.a2hosted.com\/eshop\/tlmic-padu-kratos-gravity-fa-30-500-15-2\/"},"modified":"2025-01-07T16:19:43","modified_gmt":"2025-01-07T15:19:43","slug":"tlmic-padu-kratos-gravity-fa-30-500-15-2","status":"publish","type":"product","link":"https:\/\/gajos.sk\/eshop\/p\/tlmic-padu-kratos-gravity-fa-30-500-15-2\/","title":{"rendered":"Tlmi\u010d p\u00e1du Kratos Gravity FA 30 500 15"},"content":{"rendered":"","protected":false},"excerpt":{"rendered":"<p>Tlmi\u010d p\u00e1du Kratos Gravity FA 30 500 15<\/p>\n<p>Polyamidov\u00e9 lano so \u0161\u00edrkou 12 mm, d\u013a\u017eka 1,5 m<br \/>\nPopruh \u0161\u00edrky 35 mm, redukcia energie p\u00e1du na menej ako 6 kN<br \/>\nOk\u00e1 s\u00fa opatren\u00e9 ochranou proti opotrebeniu, zo\u0161itie je zabezpe\u010den\u00e9 ochrannou f\u00f3liou<\/p>\n<p>Pou\u017eitie:<\/p>\n<p>Vybavenie pre pr\u00e1cu na le\u0161enie (1)<br \/>\nVybavenie na \u0161ikm\u00e9 strechy (5)<\/p>\n","protected":false},"featured_media":210468,"template":"","meta":{"_acf_changed":false,"inline_featured_image":false},"product_brand":[],"product_cat":[2566],"product_tag":[3476],"class_list":{"0":"post-210483","1":"product","2":"type-product","3":"status-publish","4":"has-post-thumbnail","6":"product_cat-tlmice-narazu","7":"product_tag-ardon","9":"first","10":"instock","11":"taxable","12":"shipping-taxable","13":"purchasable","14":"product-type-simple"},"acf":[],"_links":{"self":[{"href":"https:\/\/gajos.sk\/eshop\/wp-json\/wp\/v2\/product\/210483","targetHints":{"allow":["GET"]}}],"collection":[{"href":"https:\/\/gajos.sk\/eshop\/wp-json\/wp\/v2\/product"}],"about":[{"href":"https:\/\/gajos.sk\/eshop\/wp-json\/wp\/v2\/types\/product"}],"wp:featuredmedia":[{"embeddable":true,"href":"https:\/\/gajos.sk\/eshop\/wp-json\/wp\/v2\/media\/210468"}],"wp:attachment":[{"href":"https:\/\/gajos.sk\/eshop\/wp-json\/wp\/v2\/media?parent=210483"}],"wp:term":[{"taxonomy":"product_brand","embeddable":true,"href":"https:\/\/gajos.sk\/eshop\/wp-json\/wp\/v2\/product_brand?post=210483"},{"taxonomy":"product_cat","embeddable":true,"href":"https:\/\/gajos.sk\/eshop\/wp-json\/wp\/v2\/product_cat?post=210483"},{"taxonomy":"product_tag","embeddable":true,"href":"https:\/\/gajos.sk\/eshop\/wp-json\/wp\/v2\/product_tag?post=210483"}],"curies":[{"name":"wp","href":"https:\/\/api.w.org\/{rel}","templated":true}]}}