{"id":210479,"date":"2023-05-31T08:38:00","date_gmt":"2023-05-31T06:38:00","guid":{"rendered":"https:\/\/gajostest.a2hosted.com\/eshop\/polohovacie-lano-kratos-fa-40-500-15-2\/"},"modified":"2025-01-07T16:19:42","modified_gmt":"2025-01-07T15:19:42","slug":"polohovacie-lano-kratos-fa-40-500-15-2","status":"publish","type":"product","link":"https:\/\/gajos.sk\/eshop\/p\/polohovacie-lano-kratos-fa-40-500-15-2\/","title":{"rendered":"Polohovacie lano Kratos FA 40 500 15"},"content":{"rendered":"","protected":false},"excerpt":{"rendered":"<p>Polohovacie lano Kratos FA 40 500 15\u00a0 s indik\u00e1torom opotrebovania<\/p>\n<ul>\n<li>polyamid, priemer 12 mm<\/li>\n<li>minim\u00e1lne za\u0165a\u017eenie pri pretrhnut\u00ed 22 kN<\/li>\n<li>celkov\u00e1 d\u013a\u017eka 1,5 m<\/li>\n<li>zakon\u010den\u00e9\u00a0 o\u010dkom s o\u010dnicou<\/li>\n<\/ul>\n<p>Pou\u017eitie:<\/p>\n<ul>\n<li>pracovn\u00e9 polohovanie (2)<\/li>\n<li>vymedzenie pracovn\u00e9ho priestoru (4)<\/li>\n<\/ul>\n","protected":false},"featured_media":210462,"template":"","meta":{"_acf_changed":false,"inline_featured_image":false},"product_brand":[],"product_cat":[2575],"product_tag":[3476],"class_list":{"0":"post-210479","1":"product","2":"type-product","3":"status-publish","4":"has-post-thumbnail","6":"product_cat-lanovy-pristup-a-zachrana","7":"product_tag-ardon","9":"first","10":"instock","11":"taxable","12":"shipping-taxable","13":"purchasable","14":"product-type-simple"},"acf":[],"_links":{"self":[{"href":"https:\/\/gajos.sk\/eshop\/wp-json\/wp\/v2\/product\/210479","targetHints":{"allow":["GET"]}}],"collection":[{"href":"https:\/\/gajos.sk\/eshop\/wp-json\/wp\/v2\/product"}],"about":[{"href":"https:\/\/gajos.sk\/eshop\/wp-json\/wp\/v2\/types\/product"}],"wp:featuredmedia":[{"embeddable":true,"href":"https:\/\/gajos.sk\/eshop\/wp-json\/wp\/v2\/media\/210462"}],"wp:attachment":[{"href":"https:\/\/gajos.sk\/eshop\/wp-json\/wp\/v2\/media?parent=210479"}],"wp:term":[{"taxonomy":"product_brand","embeddable":true,"href":"https:\/\/gajos.sk\/eshop\/wp-json\/wp\/v2\/product_brand?post=210479"},{"taxonomy":"product_cat","embeddable":true,"href":"https:\/\/gajos.sk\/eshop\/wp-json\/wp\/v2\/product_cat?post=210479"},{"taxonomy":"product_tag","embeddable":true,"href":"https:\/\/gajos.sk\/eshop\/wp-json\/wp\/v2\/product_tag?post=210479"}],"curies":[{"name":"wp","href":"https:\/\/api.w.org\/{rel}","templated":true}]}}