{"id":210478,"date":"2023-05-31T08:38:00","date_gmt":"2023-05-31T06:38:00","guid":{"rendered":"https:\/\/gajostest.a2hosted.com\/eshop\/karabina-kratos-fa-50-101-17-2\/"},"modified":"2026-02-18T10:55:16","modified_gmt":"2026-02-18T09:55:16","slug":"karabina-kratos-fa-50-101-17-2","status":"publish","type":"product","link":"https:\/\/gajos.sk\/eshop\/p\/karabina-kratos-fa-50-101-17-2\/","title":{"rendered":"Karab\u00edna Kratos FA 50 101 17"},"content":{"rendered":"","protected":false},"excerpt":{"rendered":"<p>Oce\u013eov\u00e1 ov\u00e1lna karab\u00edna, \u0161tandardn\u00e1 \u0161r\u00f3bovacia karab\u00edna s univerz\u00e1lnym pou\u017eit\u00edm pri pr\u00e1ci vo v\u00fd\u0161kach.<\/p>\n<p>Pou\u017eitie karab\u00edny Kratos FA\u00a0 50 101 17<\/p>\n<ul>\n<li>univerz\u00e1lny spojovac\u00ed prostriedok pri pr\u00e1ci vo v\u00fd\u0161kach<\/li>\n<li>\u0161tandardn\u00e1 karab\u00edna, ktor\u00fa vyu\u017eijete na prip\u00e1janie blokantov, zla\u0148ovac\u00edch b\u0155zd, kladiek, slu\u010diek a \u010fal\u0161\u00edch pom\u00f4cok ako aj pri kotven\u00ed, viazan\u00ed bremien a pod.<\/li>\n<\/ul>\n<p>Podrobn\u00fd popis<\/p>\n<ul>\n<li>robustn\u00e1 karab\u00edna vyroben\u00e1 z kvalitnej pozinkovanej ocele<\/li>\n<li>vysok\u00e1 pevnos\u0165 a dostato\u010dn\u00e1 svetlos\u0165<\/li>\n<li>\u0161r\u00f3bovacia poistka z\u00e1mku<\/li>\n<\/ul>\n<p><strong>Poistka z\u00e1mku:\u00a0<\/strong>screw lock<\/p>\n<p><strong>Pevnos\u0165:\u00a0<\/strong>pozd\u013a\u017ene 23 kN<\/p>\n<p><strong>Svetlos\u0165:\u00a0<\/strong>18 mm<\/p>\n<p><strong>Materi\u00e1l:\u00a0<\/strong>pozinkovan\u00e1 oce\u013e<\/p>\n<p><strong>Hmotnos\u0165:\u00a0<\/strong>160 g<\/p>\n","protected":false},"featured_media":210456,"template":"","meta":{"_acf_changed":false,"inline_featured_image":false},"product_brand":[],"product_cat":[2578],"product_tag":[3476],"class_list":{"0":"post-210478","1":"product","2":"type-product","3":"status-publish","4":"has-post-thumbnail","6":"product_cat-karabiny","7":"product_tag-ardon","9":"first","10":"instock","11":"taxable","12":"shipping-taxable","13":"purchasable","14":"product-type-simple"},"acf":[],"_links":{"self":[{"href":"https:\/\/gajos.sk\/eshop\/wp-json\/wp\/v2\/product\/210478","targetHints":{"allow":["GET"]}}],"collection":[{"href":"https:\/\/gajos.sk\/eshop\/wp-json\/wp\/v2\/product"}],"about":[{"href":"https:\/\/gajos.sk\/eshop\/wp-json\/wp\/v2\/types\/product"}],"wp:featuredmedia":[{"embeddable":true,"href":"https:\/\/gajos.sk\/eshop\/wp-json\/wp\/v2\/media\/210456"}],"wp:attachment":[{"href":"https:\/\/gajos.sk\/eshop\/wp-json\/wp\/v2\/media?parent=210478"}],"wp:term":[{"taxonomy":"product_brand","embeddable":true,"href":"https:\/\/gajos.sk\/eshop\/wp-json\/wp\/v2\/product_brand?post=210478"},{"taxonomy":"product_cat","embeddable":true,"href":"https:\/\/gajos.sk\/eshop\/wp-json\/wp\/v2\/product_cat?post=210478"},{"taxonomy":"product_tag","embeddable":true,"href":"https:\/\/gajos.sk\/eshop\/wp-json\/wp\/v2\/product_tag?post=210478"}],"curies":[{"name":"wp","href":"https:\/\/api.w.org\/{rel}","templated":true}]}}