{"id":210474,"date":"2023-05-31T08:37:48","date_gmt":"2023-05-31T06:37:48","guid":{"rendered":"https:\/\/gajostest.a2hosted.com\/eshop\/zachytavac-padu-kratos-voras-fa-20-300-02-2\/"},"modified":"2025-01-07T16:19:42","modified_gmt":"2025-01-07T15:19:42","slug":"zachytavac-padu-kratos-voras-fa-20-300-02-2","status":"publish","type":"product","link":"https:\/\/gajos.sk\/eshop\/p\/zachytavac-padu-kratos-voras-fa-20-300-02-2\/","title":{"rendered":"Zachyt\u00e1va\u010d p\u00e1du Kratos Voras FA 20 300 02"},"content":{"rendered":"","protected":false},"excerpt":{"rendered":"<p>Za\u0165ahovac\u00ed zachyt\u00e1va\u010d p\u00e1du so zabudovan\u00fdm tlmi\u010dom p\u00e1du a indik\u00e1torom p\u00e1du.<\/p>\n<ul>\n<li>za\u0165ahovac\u00ed zachyt\u00e1va\u010d p\u00e1du<br \/>\ncelkov\u00e1 d\u013a\u017eka 2,5 m<br \/>\nzabudovan\u00fd tlmi\u010d p\u00e1du, 1 karab\u00edna a h\u00e1k s indik\u00e1torom p\u00e1du<br \/>\numo\u017e\u0148uje maxim\u00e1lnu vo\u013enos\u0165 pohybu, bezpe\u010dnos\u0165 a pohodlie pri pr\u00e1ci na svahoch, strech\u00e1ch a uzavret\u00fdch priestoroch<br \/>\nhmotnos\u0165 1,2 kg<\/li>\n<li><strong>POU\u017dITIE:<\/strong>vymedzenie pracovn\u00e9ho priestoru (4)<br \/>\nmateri\u00e1l: polym\u00e9r, polyester, oce\u013e<br \/>\nnorma: EN 360<br \/>\nfarba: \u010dierna<\/li>\n<\/ul>\n","protected":false},"featured_media":210452,"template":"","meta":{"_acf_changed":false,"inline_featured_image":false},"product_brand":[],"product_cat":[2566],"product_tag":[3476],"class_list":{"0":"post-210474","1":"product","2":"type-product","3":"status-publish","4":"has-post-thumbnail","6":"product_cat-tlmice-narazu","7":"product_tag-ardon","9":"first","10":"instock","11":"taxable","12":"shipping-taxable","13":"purchasable","14":"product-type-simple"},"acf":[],"_links":{"self":[{"href":"https:\/\/gajos.sk\/eshop\/wp-json\/wp\/v2\/product\/210474","targetHints":{"allow":["GET"]}}],"collection":[{"href":"https:\/\/gajos.sk\/eshop\/wp-json\/wp\/v2\/product"}],"about":[{"href":"https:\/\/gajos.sk\/eshop\/wp-json\/wp\/v2\/types\/product"}],"wp:featuredmedia":[{"embeddable":true,"href":"https:\/\/gajos.sk\/eshop\/wp-json\/wp\/v2\/media\/210452"}],"wp:attachment":[{"href":"https:\/\/gajos.sk\/eshop\/wp-json\/wp\/v2\/media?parent=210474"}],"wp:term":[{"taxonomy":"product_brand","embeddable":true,"href":"https:\/\/gajos.sk\/eshop\/wp-json\/wp\/v2\/product_brand?post=210474"},{"taxonomy":"product_cat","embeddable":true,"href":"https:\/\/gajos.sk\/eshop\/wp-json\/wp\/v2\/product_cat?post=210474"},{"taxonomy":"product_tag","embeddable":true,"href":"https:\/\/gajos.sk\/eshop\/wp-json\/wp\/v2\/product_tag?post=210474"}],"curies":[{"name":"wp","href":"https:\/\/api.w.org\/{rel}","templated":true}]}}