{"id":210463,"date":"2020-11-23T06:11:53","date_gmt":"2020-11-23T05:11:53","guid":{"rendered":"https:\/\/gajostest.a2hosted.com\/eshop\/spojovacie-lano-s-hakom-kratos-fa-40-502-10\/"},"modified":"2025-11-05T08:57:42","modified_gmt":"2025-11-05T07:57:42","slug":"spojovacie-lano-s-hakom-kratos-fa-40-502-10","status":"publish","type":"product","link":"https:\/\/gajos.sk\/eshop\/p\/spojovacie-lano-s-hakom-kratos-fa-40-502-10\/","title":{"rendered":"Spojovacie lano s h\u00e1kom Kratos FA 40 502 10"},"content":{"rendered":"<p>Polyamidov\u00e9 lano, priemer 12 mm, d\u013a\u017eka 1 m.<\/p>\n<p>Ok\u00e1 s\u00fa vybaven\u00e9 ochranou proti kovov\u00fdm predmetom, zo\u0161itie je vybaven\u00e9 ochrannou f\u00f3liou.<br \/>\nNa jednom konci oce\u013eov\u00fd h\u00e1k, minim\u00e1lne za\u0165a\u017eenie pri pretrhnut\u00ed 22 kN<\/p>\n<p>Pou\u017eitie:<\/p>\n<p>Pracovn\u00e9 polohovan\u00edm (2)<br \/>\nVymedzenie pracovn\u00e9ho priestory (4)<\/p>\n","protected":false},"excerpt":{"rendered":"<p>Polyamidov\u00e9 lano, priemer 12 mm, d\u013a\u017eka 1 m. Ok\u00e1 s\u00fa vybaven\u00e9 ochranou proti kovov\u00fdm predmetom, zo\u0161itie je vybaven\u00e9 ochrannou f\u00f3liou. Na jednom konci oce\u013eov\u00fd h\u00e1k, minim\u00e1lne za\u0165a\u017eenie pri pretrhnut\u00ed 22 kN Pou\u017eitie: Pracovn\u00e9 polohovan\u00edm (2) Vymedzenie pracovn\u00e9ho priestory (4)<\/p>\n","protected":false},"featured_media":210464,"template":"","meta":{"_acf_changed":false,"inline_featured_image":false},"product_brand":[],"product_cat":[2575],"product_tag":[3476],"class_list":{"0":"post-210463","1":"product","2":"type-product","3":"status-publish","4":"has-post-thumbnail","6":"product_cat-lanovy-pristup-a-zachrana","7":"product_tag-ardon","8":"pa_farba-biela","10":"first","11":"instock","12":"taxable","13":"shipping-taxable","14":"purchasable","15":"product-type-simple"},"acf":[],"_links":{"self":[{"href":"https:\/\/gajos.sk\/eshop\/wp-json\/wp\/v2\/product\/210463","targetHints":{"allow":["GET"]}}],"collection":[{"href":"https:\/\/gajos.sk\/eshop\/wp-json\/wp\/v2\/product"}],"about":[{"href":"https:\/\/gajos.sk\/eshop\/wp-json\/wp\/v2\/types\/product"}],"wp:featuredmedia":[{"embeddable":true,"href":"https:\/\/gajos.sk\/eshop\/wp-json\/wp\/v2\/media\/210464"}],"wp:attachment":[{"href":"https:\/\/gajos.sk\/eshop\/wp-json\/wp\/v2\/media?parent=210463"}],"wp:term":[{"taxonomy":"product_brand","embeddable":true,"href":"https:\/\/gajos.sk\/eshop\/wp-json\/wp\/v2\/product_brand?post=210463"},{"taxonomy":"product_cat","embeddable":true,"href":"https:\/\/gajos.sk\/eshop\/wp-json\/wp\/v2\/product_cat?post=210463"},{"taxonomy":"product_tag","embeddable":true,"href":"https:\/\/gajos.sk\/eshop\/wp-json\/wp\/v2\/product_tag?post=210463"}],"curies":[{"name":"wp","href":"https:\/\/api.w.org\/{rel}","templated":true}]}}