{"id":210459,"date":"2023-05-31T08:37:48","date_gmt":"2023-05-31T06:37:48","guid":{"rendered":"https:\/\/gajostest.a2hosted.com\/eshop\/take-cair-tc-plus-ffp3-na-opakovane-pouzitie\/"},"modified":"2026-01-05T14:08:39","modified_gmt":"2026-01-05T13:08:39","slug":"take-cair-tc-plus-ffp3-na-opakovane-pouzitie","status":"publish","type":"product","link":"https:\/\/gajos.sk\/eshop\/p\/take-cair-tc-plus-ffp3-na-opakovane-pouzitie\/","title":{"rendered":"TAKE CAIR TC plus FFP3 &#8211; na opakovan\u00e9 pou\u017eitie"},"content":{"rendered":"","protected":false},"excerpt":{"rendered":"<p>Ochrann\u00e9 r\u00fa\u0161ko TAKE CAIR\u00a0 je vyroben\u00e9 z text\u00edlie, ktor\u00e1 sa vyr\u00e1ba pomocou s\u00fa\u010dasnej najmodernej\u0161ej technol\u00f3gie. Pr\u00e1ve v\u010faka tejto \u0161pi\u010dkovej met\u00f3de sa zamedzuje ak\u00e9muko\u013evek prenosu biologick\u00fdch bakteri\u00e1lnych z\u00e1rodkov. R\u00fa\u0161ko chr\u00e1ni pred biologick\u00fdmi patog\u00e9nmi v\u010faka skvel\u00e9mu filtra\u010dn\u00e9mu v\u00fdkonu. Pou\u017e\u00edva sa predov\u0161etk\u00fdm na ochranu seba a takisto na ochranu druh\u00fdch \u013eud\u00ed v okol\u00ed, v pr\u00edpade zn\u00ed\u017eenej imunity zni\u017euje riziko infekcie chr\u00edpkou, pe\u013eov\u00fdmi alergiami, pand\u00e9miami a pred jemn\u00fdm prachom.<\/p>\n<p>Ochrann\u00e9 r\u00fa\u0161ko sa sklad\u00e1 z 3 vrstiev najmodernej\u0161\u00edch technick\u00fdch text\u00edli\u00ed, ktor\u00e9 nestr\u00e1caj\u00fa svoj ochrann\u00fd \u00fa\u010dinok ani po pran\u00ed.<\/p>\n<p>Ochrann\u00e9 r\u00fa\u0161ko sa pohodlne nos\u00ed, je mo\u017en\u00e9 ho pou\u017e\u00edva\u0165 dlh\u0161iu dobu a opakovane.<\/p>\n<p>Popis: Ve\u013emi vysok\u00e1 separ\u00e1cia drobn\u00fdch \u010dast\u00edc,\u00a0filtra\u010dn\u00e1 schopnos\u0165 99,9% pre \u010dastice o ve\u013ekosti 0,3\u00b5m (trieda FFP3) filtra\u010dn\u00e1 schopnos\u0165 100% pre \u010dastice o ve\u013ekosti 0,5\u00b5m<\/p>\n<p>V\u00fdhody:<\/p>\n<ul>\n<li>zni\u017euje riziko infekcie<\/li>\n<li>technol\u00f3gia viacstup\u0148ovej filtr\u00e1cie<\/li>\n<li>ve\u013emi pohodln\u00e9 na nosenie<\/li>\n<li>na opakovan\u00e9 pou\u017eitie<\/li>\n<li>prepierate\u013en\u00e9<\/li>\n<li>pod\u013ea vy\u0161\u0161ie uveden\u00e9ho (filtra\u010dn\u00e1 schopnos\u0165, pou\u017eit\u00e9 text\u00edlie) ochrann\u00e9 r\u00fa\u0161ko sp\u013a\u0148a defin\u00edciu triedy FFP3 pod\u013ea eur\u00f3pskeho \u0161tandardu EN 149.<\/li>\n<\/ul>\n<p><strong>Maska je schv\u00e1len\u00e1 pod\u013ea v\u00fdrobcu\u00a0TAKE CAIR\u00a0 Smernicou EU 93\/42 EHS a je definovan\u00e1 ,ako zdravotn\u00edcka pom\u00f4cka.<\/strong><\/p>\n<p>\u00dadr\u017eba r\u00fa\u0161ka\u00a0 je vykon\u00e1van\u00e1 prepl\u00e1chnut\u00edm v ruk\u00e1ch vla\u017enou vodou za pou\u017eitia dezinfek\u010dn\u00e9ho mydla\/mydla na pranie. Pou\u017eitie prac\u00edch pr\u00e1\u0161kov sa neodpor\u00fa\u010da vzh\u013eadom na abraz\u00edvnos\u0165 \u010dast\u00edc prac\u00edch pr\u00e1\u0161kov. Po vyschnut\u00ed r\u00fa\u0161ka sa doporu\u010duje obe strany r\u00fa\u0161ka (vn\u00fatorn\u00e1 a n\u00e1sledne vonkaj\u0161ia) nastrieka\u0165 dezinfek\u010dn\u00fdm pr\u00edpravkom na plochy s obsahom minim\u00e1lne 70% alkoholu a bez zahus\u0165ovadiel (napr. Izopropylalkohol). Po\u010dka\u0165 minim\u00e1lne 30 min\u00fat na odparenie alkoholovej zlo\u017eky. R\u00fa\u0161ko je n\u00e1sledne op\u00e4\u0165 vhodn\u00e9 na nosenie. V pr\u00edpade nepou\u017e\u00edvania dezinfekcie sa pou\u017eite\u013enos\u0165 r\u00fa\u0161ka skracuje na polovicu jeho \u017eivotnosti.<\/p>\n","protected":false},"featured_media":210461,"template":"","meta":{"_acf_changed":false,"inline_featured_image":false},"product_brand":[],"product_cat":[2172],"product_tag":[3475],"class_list":{"0":"post-210459","1":"product","2":"type-product","3":"status-publish","4":"has-post-thumbnail","6":"product_cat-tvarova-maska","7":"product_tag-take-cair","9":"first","10":"instock","11":"taxable","12":"shipping-taxable","13":"purchasable","14":"product-type-simple"},"acf":[],"_links":{"self":[{"href":"https:\/\/gajos.sk\/eshop\/wp-json\/wp\/v2\/product\/210459","targetHints":{"allow":["GET"]}}],"collection":[{"href":"https:\/\/gajos.sk\/eshop\/wp-json\/wp\/v2\/product"}],"about":[{"href":"https:\/\/gajos.sk\/eshop\/wp-json\/wp\/v2\/types\/product"}],"wp:featuredmedia":[{"embeddable":true,"href":"https:\/\/gajos.sk\/eshop\/wp-json\/wp\/v2\/media\/210461"}],"wp:attachment":[{"href":"https:\/\/gajos.sk\/eshop\/wp-json\/wp\/v2\/media?parent=210459"}],"wp:term":[{"taxonomy":"product_brand","embeddable":true,"href":"https:\/\/gajos.sk\/eshop\/wp-json\/wp\/v2\/product_brand?post=210459"},{"taxonomy":"product_cat","embeddable":true,"href":"https:\/\/gajos.sk\/eshop\/wp-json\/wp\/v2\/product_cat?post=210459"},{"taxonomy":"product_tag","embeddable":true,"href":"https:\/\/gajos.sk\/eshop\/wp-json\/wp\/v2\/product_tag?post=210459"}],"curies":[{"name":"wp","href":"https:\/\/api.w.org\/{rel}","templated":true}]}}