{"id":210453,"date":"2020-11-20T13:31:49","date_gmt":"2020-11-20T12:31:49","guid":{"rendered":"https:\/\/gajostest.a2hosted.com\/eshop\/bezpecnostny-postroj-kratos-fa-10-103-00\/"},"modified":"2026-04-20T08:37:49","modified_gmt":"2026-04-20T06:37:49","slug":"bezpecnostny-postroj-kratos-fa-10-103-00","status":"publish","type":"product","link":"https:\/\/gajos.sk\/eshop\/p\/bezpecnostny-postroj-kratos-fa-10-103-00\/","title":{"rendered":"Bezpe\u010dnostn\u00fd postroj Kratos FA 10 103 00"},"content":{"rendered":"<p>&nbsp;<\/p>\n<p>Bezpe\u010dnostn\u00fd postroj Kratos FA 10 103 00 je z\u00e1kladn\u00fd celotelov\u00fd pracovn\u00fd postroj\u00a0ur\u010den\u00fd na ob\u010dasn\u00e9 pou\u017eitie<\/p>\n<ul>\n<li>hrudn\u00fd a chrbtov\u00fd nav\u00e4zovac\u00ed bod, nastavite\u013en\u00e9 nohavi\u010dky<\/li>\n<li>je\u00a0vhodn\u00fd na zabezpe\u010denie pracovn\u00edkov\u00a0pri \u010dinnostiach, pri ktor\u00fdch vznik\u00e1 riziko p\u00e1du, zosunutia alebo prepadnutia:<\/li>\n<li>pr\u00e1ca v bl\u00edzkosti nechr\u00e1nenej hrany na rovn\u00fdch a \u0161ikm\u00fdch strech\u00e1ch, na stavenisk\u00e1ch, v priemyselnej v\u00fdrobe<\/li>\n<li>pr\u00e1ca na vysokozdvi\u017en\u00fdch plo\u0161in\u00e1ch a z\u00e1vesn\u00fdch l\u00e1vkach<\/li>\n<\/ul>\n<p>Podrobn\u00fd popis<\/p>\n<ul>\n<li>dva nav\u00e4zovacie bodyna pou\u017eitie v syst\u00e9moch na zachytenie p\u00e1du:<\/li>\n<li>textiln\u00fd hrudn\u00fd nav\u00e4zovac\u00ed bod &#8211; zlo\u017een\u00fd z dvoch textiln\u00fdch \u00f4k, ktor\u00e9 treba zopn\u00fa\u0165 s\u00fa\u010dasne<\/li>\n<li>oce\u013eov\u00fd chrbtov\u00fd nav\u00e4zovac\u00ed bod<\/li>\n<li>za\u0165ahovacie spony na pohodln\u00e9 prisp\u00f4sobenie postroja<\/li>\n<li>kovov\u00e9 spony na pohodln\u00e9 nastavovanie nohavi\u010diek<\/li>\n<li>plastov\u00e1 r\u00fdchlo-spona na prisp\u00f4sobenie hrudnej \u010dasti<\/li>\n<li>ramenn\u00e9 popruhy a nohavi\u010dky s\u00fa farebne odl\u00ed\u0161en\u00e9, \u010do napom\u00e1ha spr\u00e1vnemu oble\u010deniu postroja<\/li>\n<li>\u0161irok\u00fd 45 mm polyesterov\u00fd popruh pre zv\u00fd\u0161en\u00e9 pohodlie<\/li>\n<li>jedna univerz\u00e1lna ve\u013ekos\u0165<\/li>\n<\/ul>\n","protected":false},"excerpt":{"rendered":"<p>&nbsp; Bezpe\u010dnostn\u00fd postroj Kratos FA 10 103 00 je z\u00e1kladn\u00fd celotelov\u00fd pracovn\u00fd postroj\u00a0ur\u010den\u00fd na ob\u010dasn\u00e9 pou\u017eitie hrudn\u00fd a chrbtov\u00fd nav\u00e4zovac\u00ed bod, nastavite\u013en\u00e9 nohavi\u010dky je\u00a0vhodn\u00fd na zabezpe\u010denie pracovn\u00edkov\u00a0pri \u010dinnostiach, pri ktor\u00fdch vznik\u00e1 riziko p\u00e1du, zosunutia alebo prepadnutia: pr\u00e1ca v bl\u00edzkosti nechr\u00e1nenej hrany na rovn\u00fdch a \u0161ikm\u00fdch strech\u00e1ch, na stavenisk\u00e1ch, v priemyselnej v\u00fdrobe pr\u00e1ca na vysokozdvi\u017en\u00fdch plo\u0161in\u00e1ch [&hellip;]<\/p>\n","protected":false},"featured_media":210454,"template":"","meta":{"_acf_changed":false,"inline_featured_image":false},"product_brand":[],"product_cat":[2154],"product_tag":[3476],"class_list":{"0":"post-210453","1":"product","2":"type-product","3":"status-publish","4":"has-post-thumbnail","6":"product_cat-postroje","7":"product_tag-ardon","8":"pa_farba-zelena-cierna","10":"first","11":"instock","12":"featured","13":"taxable","14":"shipping-taxable","15":"purchasable","16":"product-type-simple"},"acf":[],"_links":{"self":[{"href":"https:\/\/gajos.sk\/eshop\/wp-json\/wp\/v2\/product\/210453","targetHints":{"allow":["GET"]}}],"collection":[{"href":"https:\/\/gajos.sk\/eshop\/wp-json\/wp\/v2\/product"}],"about":[{"href":"https:\/\/gajos.sk\/eshop\/wp-json\/wp\/v2\/types\/product"}],"wp:featuredmedia":[{"embeddable":true,"href":"https:\/\/gajos.sk\/eshop\/wp-json\/wp\/v2\/media\/210454"}],"wp:attachment":[{"href":"https:\/\/gajos.sk\/eshop\/wp-json\/wp\/v2\/media?parent=210453"}],"wp:term":[{"taxonomy":"product_brand","embeddable":true,"href":"https:\/\/gajos.sk\/eshop\/wp-json\/wp\/v2\/product_brand?post=210453"},{"taxonomy":"product_cat","embeddable":true,"href":"https:\/\/gajos.sk\/eshop\/wp-json\/wp\/v2\/product_cat?post=210453"},{"taxonomy":"product_tag","embeddable":true,"href":"https:\/\/gajos.sk\/eshop\/wp-json\/wp\/v2\/product_tag?post=210453"}],"curies":[{"name":"wp","href":"https:\/\/api.w.org\/{rel}","templated":true}]}}